{"id":293,"date":"2024-05-23T15:57:35","date_gmt":"2024-05-23T15:57:35","guid":{"rendered":"https:\/\/fragmes.fr\/?page_id=293"},"modified":"2026-03-20T23:57:39","modified_gmt":"2026-03-20T23:57:39","slug":"interferences","status":"publish","type":"page","link":"https:\/\/fragmes.fr\/?page_id=293","title":{"rendered":"Interf\u00e9rences"},"content":{"rendered":"\n<div class=\"wp-block-group is-layout-constrained wp-container-core-group-is-layout-19e250f3 wp-block-group-is-layout-constrained\">\n<h5 class=\"wp-block-heading\">Articles en ligne<\/h5>\n\n\n\n<p><a href=\"https:\/\/www.poesibao.fr\/revue-consequence-4-entierement-consacre-a-cedric-demangeot-lu-par-romain-frezzato\/\" data-type=\"link\" data-id=\"https:\/\/www.poesibao.fr\/revue-consequence-4-entierement-consacre-a-cedric-demangeot-lu-par-romain-frezzato\/\">Note de lecture de Romain Frezzato<\/a> consacr\u00e9e au num\u00e9ro 4 de <em>Cons\u00e9quence<\/em> sur Poesibao<\/p>\n\n\n\n<p><a href=\"https:\/\/poezibao.typepad.com\/poezibao\/2020\/01\/note-de-lecture-la-revue-cons%C3%A9quence-3-par-paul-antoine-fae.html\" data-type=\"link\" data-id=\"https:\/\/poezibao.typepad.com\/poezibao\/2020\/01\/note-de-lecture-la-revue-cons%C3%A9quence-3-par-paul-antoine-fae.html\">Note de lecture de Paul-Antoine Fae<\/a> consacr\u00e9e au num\u00e9ro 3  de <em>Cons\u00e9quence<\/em> sur Poezibao<\/p>\n\n\n\n<p><a href=\"https:\/\/www.entrevues.org\/aufildeslivraisons\/consequence-n-2-mars-2017\/\">Note de lecture de J\u00e9r\u00f4me Duwa <\/a>consacr\u00e9e au num\u00e9ro 2 de <em>Cons\u00e9quence<\/em> sur entrevues.org<\/p>\n<\/div>\n\n\n\n<div class=\"wp-block-group is-layout-constrained wp-container-core-group-is-layout-19e250f3 wp-block-group-is-layout-constrained\">\n<h5 class=\"wp-block-heading\">Sites amis<\/h5>\n\n\n\n<div class=\"wp-block-group is-layout-constrained wp-block-group-is-layout-constrained\">\n<div class=\"wp-block-group is-layout-constrained wp-block-group-is-layout-constrained\" style=\"margin-top:0;margin-bottom:0\">\n<div class=\"wp-block-group is-layout-constrained wp-container-core-group-is-layout-19e250f3 wp-block-group-is-layout-constrained\">\n<p class=\"has-text-align-left\"><a href=\"http:\/\/www.fissile-editions.net\/\">Site des \u00e9ditions fissile<\/a><\/p>\n\n\n\n<p class=\"has-text-align-left\"><a href=\"https:\/\/www.facebook.com\/mangeeditions\/\">Page facebook des \u00e9ditions mange<\/a> <\/p>\n\n\n\n<p class=\"has-text-align-left\"><a href=\"https:\/\/www.fra.cz\/\">Site des \u00e9ditions FRA<\/a><\/p>\n\n\n\n<p><a href=\"https:\/\/pariahpropagande.bigcartel.com\/\">Site des \u00e9ditions Pariah<\/a><\/p>\n\n\n\n<p><a href=\"https:\/\/congre.fr\/\" data-type=\"link\" data-id=\"https:\/\/congre.fr\/\">Site des \u00e9ditions et de la revue Congre<\/a><\/p>\n\n\n\n<p><\/p>\n<\/div>\n<\/div>\n<\/div>\n<\/div>\n","protected":false},"excerpt":{"rendered":"<p>Articles en ligne Note de lecture de Romain Frezzato consacr\u00e9e au num\u00e9ro 4 de Cons\u00e9quence sur Poesibao Note de lecture de Paul-Antoine Fae consacr\u00e9e au num\u00e9ro 3 de Cons\u00e9quence sur Poezibao Note de lecture de J\u00e9r\u00f4me Duwa consacr\u00e9e au num\u00e9ro 2 de Cons\u00e9quence sur entrevues.org Sites amis Site des \u00e9ditions fissile Page facebook des \u00e9ditions [&hellip;]<\/p>\n","protected":false},"author":1,"featured_media":0,"parent":0,"menu_order":0,"comment_status":"closed","ping_status":"closed","template":"","meta":{"footnotes":""},"class_list":["post-293","page","type-page","status-publish","hentry"],"blocksy_meta":[],"_links":{"self":[{"href":"https:\/\/fragmes.fr\/index.php?rest_route=\/wp\/v2\/pages\/293","targetHints":{"allow":["GET"]}}],"collection":[{"href":"https:\/\/fragmes.fr\/index.php?rest_route=\/wp\/v2\/pages"}],"about":[{"href":"https:\/\/fragmes.fr\/index.php?rest_route=\/wp\/v2\/types\/page"}],"author":[{"embeddable":true,"href":"https:\/\/fragmes.fr\/index.php?rest_route=\/wp\/v2\/users\/1"}],"replies":[{"embeddable":true,"href":"https:\/\/fragmes.fr\/index.php?rest_route=%2Fwp%2Fv2%2Fcomments&post=293"}],"version-history":[{"count":11,"href":"https:\/\/fragmes.fr\/index.php?rest_route=\/wp\/v2\/pages\/293\/revisions"}],"predecessor-version":[{"id":441,"href":"https:\/\/fragmes.fr\/index.php?rest_route=\/wp\/v2\/pages\/293\/revisions\/441"}],"wp:attachment":[{"href":"https:\/\/fragmes.fr\/index.php?rest_route=%2Fwp%2Fv2%2Fmedia&parent=293"}],"curies":[{"name":"wp","href":"https:\/\/api.w.org\/{rel}","templated":true}]}}