{"id":83,"date":"2024-05-18T23:57:48","date_gmt":"2024-05-18T23:57:48","guid":{"rendered":"https:\/\/fragmes.fr\/?page_id=83"},"modified":"2026-03-17T04:07:02","modified_gmt":"2026-03-17T04:07:02","slug":"revue-consequence","status":"publish","type":"page","link":"https:\/\/fragmes.fr\/?page_id=83","title":{"rendered":"Revue Cons\u00e9quence"},"content":{"rendered":"\n<figure class=\"wp-block-image size-full\"><img loading=\"lazy\" decoding=\"async\" width=\"150\" height=\"150\" src=\"https:\/\/fragmes.fr\/wp-content\/uploads\/2024\/05\/consequencelogo-2-edited.png\" alt=\"\" class=\"wp-image-137\" style=\"aspect-ratio:1;object-fit:cover\" srcset=\"https:\/\/fragmes.fr\/wp-content\/uploads\/2024\/05\/consequencelogo-2-edited.png 150w, https:\/\/fragmes.fr\/wp-content\/uploads\/2024\/05\/consequencelogo-2-edited-100x100.png 100w\" sizes=\"auto, (max-width: 150px) 100vw, 150px\" \/><\/figure>\n\n\n\n<p class=\"has-medium-font-size\">Tous les num\u00e9ros disponibles <\/p>\n\n\n\n<div data-block-name=\"woocommerce\/single-product\" data-product-id=\"29\" data-wp-context=\"{&quot;productId&quot;:29,&quot;variationId&quot;:null}\" data-wp-interactive=\"woocommerce\/single-product\" class=\"wp-block-woocommerce-single-product woocommerce\">\n<div class=\"wp-block-columns is-layout-flex wp-container-core-columns-is-layout-28f84493 wp-block-columns-is-layout-flex\">\n<div class=\"wp-block-column is-layout-constrained wp-block-column-is-layout-constrained\"><h2 class=\"has-text-align-center wp-block-post-title\"><a href=\"https:\/\/fragmes.fr\/?product=consequences-cedric-demangeot\" target=\"_self\" >Cons\u00e9quence n\u00b04 &#8211; C\u00e9dric Demangeot<\/a><\/h2>\n\n\n<div class=\"wp-block-group alignwide is-layout-constrained wp-block-group-is-layout-constrained\">\n<p class=\"has-text-align-center\">Hors-Collection, 2023, 416 pages, 36 \u20ac<\/p>\n\n\n\n<div class=\"wp-block-group alignwide is-layout-constrained wp-block-group-is-layout-constrained\"><figure style=\"aspect-ratio:4\/3;width:500px;\" class=\"aligncenter wp-block-post-featured-image\"><a href=\"https:\/\/fragmes.fr\/?product=consequences-cedric-demangeot\" target=\"_blank\"  ><img loading=\"lazy\" decoding=\"async\" width=\"468\" height=\"581\" src=\"https:\/\/fragmes.fr\/wp-content\/uploads\/2023\/05\/consequences.jpg\" class=\"attachment-post-thumbnail size-post-thumbnail wp-post-image\" alt=\"Cons\u00e9quence n\u00b04 &#8211; C\u00e9dric Demangeot\" style=\"width:100%;height:100%;object-fit:contain;\" srcset=\"https:\/\/fragmes.fr\/wp-content\/uploads\/2023\/05\/consequences.jpg 468w, https:\/\/fragmes.fr\/wp-content\/uploads\/2023\/05\/consequences-242x300.jpg 242w\" sizes=\"auto, (max-width: 468px) 100vw, 468px\" \/><\/a><\/figure><\/div>\n\n\n\n<div data-block-name=\"woocommerce\/product-meta\" class=\"wp-block-woocommerce-product-meta\">\n<div class=\"wp-block-group is-layout-constrained wp-container-core-group-is-layout-19e250f3 wp-block-group-is-layout-constrained\">\n<p class=\"has-text-align-center has-small-font-size\">Olivier Cabi\u00e8re \u00b7 <em>Un pied ici un pied l\u00e0<\/em> \u00b7<\/p>\n\n\n\n<p class=\"has-text-align-center has-small-font-size\">C\u00e9dric demangeot \u00b7 <em>Intimit\u00e9 du vide<\/em> \u00b7<\/p>\n\n\n\n<p class=\"has-text-align-center has-small-font-size\">Esther Tellermann \u00b7 <em>Un trait s\u00e9pare<\/em> \u00b7<\/p>\n\n\n\n<p class=\"has-text-align-center has-small-font-size\">Rodrigue Marques de Souza \/ Philippe Guitton <a>\u00b7 <\/a><em>D\u2019armes<\/em> \u00b7<\/p>\n\n\n\n<p class=\"has-text-align-center has-small-font-size\">Billy Dranty \u00b7 <em>Cancre jusque<\/em> \u00b7<\/p>\n\n\n\n<p class=\"has-text-align-center has-small-font-size\">Dominique Qu\u00e9len \u00b7 <em>Fr\u00e8re \u00e0 l\u2019\u00e9paule<\/em> \u00b7<\/p>\n\n\n\n<p class=\"has-text-align-center has-small-font-size\">St\u00e9phanie Ferrat \u00b7 <em>Pour C., peintures<\/em> \u00b7<\/p>\n\n\n\n<p class=\"has-text-align-center has-small-font-size\">C\u00e9dric Demangeot \u00b7 <em>Fragments de la fourrure de blanche-neige<\/em> \u00b7<\/p>\n\n\n\n<p class=\"has-text-align-center has-small-font-size\">Ena Lindenbaur \u00b7 <em>Sans titre, peintures<\/em> \u00b7<\/p>\n\n\n\n<p class=\"has-text-align-center has-small-font-size\">Alain Hob\u00e9 \u00b7 <em>Autant que d\u00e9faire se peut la mort<\/em> \u00b7<\/p>\n\n\n\n<p class=\"has-text-align-center has-small-font-size\">Jean-Baptiste de Seynes \u00b7 <em>L\u2019\u00eele qu\u2019est soi ? o\u00f9 chantent les &amp;<\/em> \u00b7<\/p>\n\n\n\n<p class=\"has-text-align-center has-small-font-size\">Fran\u00e7ois Z\u00e9none \u00b7 <em>Pr\u00e9l\u00e8vements<\/em> \u00b7<\/p>\n\n\n\n<p class=\"has-text-align-center has-small-font-size\">Paul Paborde \u00b7 <em>Contre la m\u00e9moire &amp; Po\u00e9sie z\u00e9ro<\/em> \u00b7<\/p>\n\n\n\n<p class=\"has-text-align-center has-small-font-size\">Lambert Barth\u00e9l\u00e9my \u00b7 <em>Poste restante<\/em> \u00b7<\/p>\n\n\n\n<p class=\"has-text-align-center has-small-font-size\">S\u00e9bastien Ho\u00ebt \u00b7 <em>Un jour apr\u00e8s l\u2019enfer (diptyque)<\/em> \u00b7<\/p>\n\n\n\n<p class=\"has-text-align-center has-small-font-size\">Victor Martinez \u00b7 <em>Soleil t\u00e9moin<\/em> \u00b7<\/p>\n\n\n\n<p class=\"has-text-align-center has-small-font-size\">Jean-Paul H\u00e9raud \u00b7 <em>Sans titre, peintures<\/em> \u00b7<\/p>\n\n\n\n<p class=\"has-text-align-center has-small-font-size\">Alexandre Battaglia \u00b7 <em>Aller \u00e0 l\u2019homme<\/em> \u00b7<\/p>\n\n\n\n<p class=\"has-text-align-center has-small-font-size\">Rafael Garido \u00b7 <em>\u00ab&nbsp;Fou \u00e0 Paris et saint d\u2019esprit en Guin\u00e9e&nbsp;\u00bb \u2013 Leopoldo Mar\u00eda Panero, ou l\u2019irr\u00e9ductible chant de la ch\u00e8vre<\/em> \u00b7<\/p>\n\n\n\n<p class=\"has-text-align-center has-small-font-size\">Thomas Pesle \u00b7 <em>Echouages<\/em> \u00b7<\/p>\n\n\n\n<p class=\"has-text-align-center has-small-font-size\">Richard Weiner, traduit par Erika Abrams \u00b7 <em>La voix au t\u00e9l\u00e9phone<\/em> \u00b7<\/p>\n\n\n\n<p class=\"has-text-align-center has-small-font-size\">Hugo Hengl \u00b7 <em>D\u00e9positoire<\/em> \u00b7<\/p>\n\n\n\n<p class=\"has-text-align-center has-small-font-size\">Brian Delaney \u00b7 <em>Burn it all down<\/em> \u00b7<\/p>\n\n\n\n<p class=\"has-text-align-center has-small-font-size\">Alexandre Gouttard \u00b7 <em>Humanit\u00e9<\/em> \u00b7<\/p>\n\n\n\n<p class=\"has-text-align-center has-small-font-size\">J\u00e9r\u00f4me Th\u00e9lot \u00b7 <em>L\u00e9gende de la parole<\/em> \u00b7<\/p>\n\n\n\n<p class=\"has-text-align-center has-small-font-size\">Prune Mateo \u00b7 <em>Sous nos paupi\u00e8res<\/em> \u00b7<\/p>\n\n\n\n<p class=\"has-text-align-center has-small-font-size\">Andy S\u00e9n\u00e9gas \u00b7 <em>caillasse<\/em> \u00b7<\/p>\n\n\n\n<p class=\"has-text-align-center has-small-font-size\">petr zavadil \u00b7 <em>Zone maigre<\/em> \u00b7<\/p>\n\n\n\n<p class=\"has-text-align-center has-small-font-size\">Jean-Claude Schneider \u00b7 <em>Claque et craque<\/em> \u00b7<\/p>\n\n\n\n<p class=\"has-text-align-center has-small-font-size\">Bohdan Chl\u00edbec, traduit par Petr Zavadil \u00b7 <em>St\u00e9r\u00e9o<\/em> \u00b7<\/p>\n\n\n\n<p class=\"has-text-align-center has-small-font-size\">C\u00e9dric Demangeot \/ Magali Latil \u00b7 <em>Donn\u00e9 pour poussi\u00e8re<\/em> \u00b7<\/p>\n\n\n\n<p class=\"has-text-align-center has-small-font-size\">\u00ab&nbsp;&amp; hop&nbsp;\u00bb<\/p>\n\n\n\n<p class=\"has-text-align-center has-small-font-size\">notes<\/p>\n\n\n\n<p class=\"has-text-align-center has-small-font-size\">Bibliographie de C\u00e9dric demangeot<\/p>\n<\/div>\n<\/div>\n<\/div>\n<\/div>\n<\/div>\n<\/div>\n\n\n\n<div style=\"height:37px\" aria-hidden=\"true\" class=\"wp-block-spacer\"><\/div>\n\n\n\n<div data-block-name=\"woocommerce\/single-product\" data-product-id=\"176\" data-wp-context=\"{&quot;productId&quot;:176,&quot;variationId&quot;:null}\" data-wp-interactive=\"woocommerce\/single-product\" class=\"wp-block-woocommerce-single-product woocommerce\">\n<div class=\"wp-block-columns is-layout-flex wp-container-core-columns-is-layout-28f84493 wp-block-columns-is-layout-flex\">\n<div class=\"wp-block-column is-layout-flow wp-block-column-is-layout-flow\"><h2 class=\"has-text-align-center wp-block-post-title\"><a href=\"https:\/\/fragmes.fr\/?product=consequence-n3\" target=\"_self\" >Cons\u00e9quence n\u00b03<\/a><\/h2>\n\n\n<p class=\"has-text-align-center\">2019, 184 pages, 20,00 \u20ac<\/p>\n\n\n\n<figure class=\"wp-block-image aligncenter size-full\"><a href=\"https:\/\/fragmes.fr\/?product=consequence-n3\"><img loading=\"lazy\" decoding=\"async\" width=\"605\" height=\"622\" src=\"https:\/\/fragmes.fr\/wp-content\/uploads\/2024\/05\/consequence3.jpg\" alt=\"\" class=\"wp-image-172\" srcset=\"https:\/\/fragmes.fr\/wp-content\/uploads\/2024\/05\/consequence3.jpg 605w, https:\/\/fragmes.fr\/wp-content\/uploads\/2024\/05\/consequence3-292x300.jpg 292w, https:\/\/fragmes.fr\/wp-content\/uploads\/2024\/05\/consequence3-600x617.jpg 600w\" sizes=\"auto, (max-width: 605px) 100vw, 605px\" \/><\/a><\/figure>\n\n\n\n<div data-block-name=\"woocommerce\/product-meta\" class=\"wp-block-woocommerce-product-meta\">\n<div class=\"wp-block-group is-layout-constrained wp-container-core-group-is-layout-19e250f3 wp-block-group-is-layout-constrained\">\n<p class=\"has-text-align-center has-small-font-size\">Edito \u00b7 <em>Etre la r\u00e9volution<\/em> \u00b7<\/p>\n\n\n\n<p class=\"has-text-align-center has-small-font-size\"><strong>\u00b7 FAIRE \u00b7<\/strong><\/p>\n\n\n\n<p class=\"has-text-align-center has-small-font-size\">Hugo Hengl \u00b7 <em>Arri\u00e8re-propos<\/em> \u00b7<\/p>\n\n\n\n<p class=\"has-text-align-center has-small-font-size\">Germaine de Sta\u00ebl \u00b7 <em>Le m\u00eame visage<\/em> \u00b7<\/p>\n\n\n\n<p class=\"has-text-align-center has-small-font-size\">Andr\u00e9 du Bouchet \u00b7 <em>De l\u2019\u00e9tranger, de la langue<\/em> \u00b7<\/p>\n\n\n\n<p class=\"has-text-align-center has-small-font-size\">Dolores Dorantes \u00b7 <em>Copie 1 &amp; 2<\/em> \u00b7<\/p>\n\n\n\n<p class=\"has-text-align-center has-small-font-size\">C\u00e9dric Demangeot \u00b7 <em>Erratum <\/em>\u00b7 <em>Promenade &amp; guerre<\/em> \u00b7<\/p>\n\n\n\n<p class=\"has-text-align-center has-small-font-size\">Montserrat Alvarez \u00b7 <em>Dark zone &amp; autres po\u00e8mes <\/em>\u00b7<\/p>\n\n\n\n<p class=\"has-text-align-center has-small-font-size\">Ianka Diaghileva \u00b7 <em>Nous vivrons<\/em> \u00b7<\/p>\n\n\n\n<p class=\"has-text-align-center has-small-font-size\">Christine Lavant \u00b7 <em>Oiseau-soleil<\/em> \u00b7 <em>Abats ta glaise <\/em>\u00b7<\/p>\n\n\n\n<p class=\"has-text-align-center has-small-font-size\">Victor Martinez \u00b7 <em>D\u00e9truite enfance <\/em>\u00b7<\/p>\n\n\n\n<p class=\"has-text-align-center has-small-font-size\">Mathieu B\u00e9n\u00e9zet \u00b7 <em>Po\u00e8mes <\/em>\u00b7<\/p>\n\n\n\n<p class=\"has-text-align-center has-small-font-size\">Jan Z\u00e1brana \u00b7 <em>Le mur des souvenirs <\/em>\u00b7<\/p>\n\n\n\n<p class=\"has-text-align-center has-small-font-size\">Avot Yeshurun \u00b7 <em>Po\u00e8mes <\/em>\u00b7<\/p>\n\n\n\n<p class=\"has-text-align-center has-small-font-size\">Leopoldo Mar\u00eda Panero \u00b7 <em>O\u00f9 meurt un homme <\/em>\u00b7<\/p>\n\n\n\n<p class=\"has-text-align-center has-small-font-size\"><strong>\u00b7 ESSAYER \u00b7<\/strong><\/p>\n\n\n\n<p class=\"has-text-align-center has-small-font-size\">Jean-Michel Reynard &amp; Andr\u00e9 du Bouchet \u00b7 <em>Trois lettres <\/em>\u00b7<\/p>\n\n\n\n<p class=\"has-text-align-center has-small-font-size\">Victor Martinez \u00b7 <em>Dire une seule fois la v\u00e9rit\u00e9 <\/em>\u00b7<\/p>\n\n\n\n<p class=\"has-text-align-center has-small-font-size\">Paul Laborde \u00b7 <em>Que faire si le grand capital verse du LSD dans nos r\u00e9serves d\u2019eaux <\/em>\u00b7<\/p>\n\n\n\n<p class=\"has-text-align-center has-small-font-size\">\u00b7 <em>L\u2019hypoth\u00e8se scientifique <\/em>\u00b7<\/p>\n\n\n\n<p class=\"has-text-align-center has-small-font-size\"><strong>\u00b7 NOTES \u00b7<\/strong><\/p>\n\n\n\n<p class=\"has-text-align-center has-small-font-size\"><strong>\u00b7 <s>PARCELLES<\/s> \u00b7<\/strong><\/p>\n<\/div>\n<\/div>\n<\/div>\n<\/div>\n<\/div>\n\n\n\n<div style=\"height:37px\" aria-hidden=\"true\" class=\"wp-block-spacer\"><\/div>\n\n\n\n<div data-block-name=\"woocommerce\/single-product\" data-product-id=\"174\" data-wp-context=\"{&quot;productId&quot;:174,&quot;variationId&quot;:null}\" data-wp-interactive=\"woocommerce\/single-product\" class=\"wp-block-woocommerce-single-product woocommerce\">\n<div class=\"wp-block-columns is-layout-flex wp-container-core-columns-is-layout-28f84493 wp-block-columns-is-layout-flex\">\n<div class=\"wp-block-column is-layout-flow wp-block-column-is-layout-flow\"><h2 class=\"has-text-align-center wp-block-post-title\"><a href=\"https:\/\/fragmes.fr\/?product=consequence-n2\" target=\"_self\" >Cons\u00e9quence n\u00b02<\/a><\/h2>\n\n\n<p class=\"has-text-align-center\">2017, 214 pages, 23 \u20ac<\/p>\n\n\n\n<figure class=\"wp-block-image aligncenter size-full\"><a href=\"https:\/\/fragmes.fr\/?product=consequence-n2\"><img loading=\"lazy\" decoding=\"async\" width=\"526\" height=\"701\" src=\"https:\/\/fragmes.fr\/wp-content\/uploads\/2024\/05\/CONSEQUENCE2.jpg\" alt=\"\" class=\"wp-image-173\" srcset=\"https:\/\/fragmes.fr\/wp-content\/uploads\/2024\/05\/CONSEQUENCE2.jpg 526w, https:\/\/fragmes.fr\/wp-content\/uploads\/2024\/05\/CONSEQUENCE2-225x300.jpg 225w, https:\/\/fragmes.fr\/wp-content\/uploads\/2024\/05\/CONSEQUENCE2-300x400.jpg 300w\" sizes=\"auto, (max-width: 526px) 100vw, 526px\" \/><\/a><\/figure>\n\n\n\n<div class=\"wp-block-group is-layout-constrained wp-container-core-group-is-layout-19e250f3 wp-block-group-is-layout-constrained\">\n<p class=\"has-text-align-center has-small-font-size\">Andr\u00e9 du Bouchet \u00b7 <em>La mort est \u00e0 mettre au monde <\/em>\u00b7<\/p>\n\n\n\n<p class=\"has-text-align-center has-small-font-size\"><strong>\u00b7 SENTINELLE DE LA NEIGE \u00b7<\/strong><\/p>\n\n\n\n<p class=\"has-text-align-center has-small-font-size\">Antonio Gamoneda \u00b7 <em>Sentinelle de la neige<\/em> \u00b7<\/p>\n\n\n\n<p class=\"has-text-align-center has-small-font-size\">S\u00e9bastien Ho\u00ebt \u00b7 <em>Un royaume <\/em>\u00b7<\/p>\n\n\n\n<p class=\"has-text-align-center has-small-font-size\">Bohdan Chl\u00edbec \u00b7 <em>Une cour en hiver <\/em>\u00b7<\/p>\n\n\n\n<p class=\"has-text-align-center has-small-font-size\">Choman Hardi \u00b7 <em>A propos d\u2019Anfal<\/em> \u00b7<\/p>\n\n\n\n<p class=\"has-text-align-center has-small-font-size\">L\u2019abri Tipton \u00b7 <em>Calais Postcards <\/em>\u00b7<\/p>\n\n\n\n<p class=\"has-text-align-center has-small-font-size\">Dolores Dorantes \u00b7 <em>Copia <\/em>\u00b7<\/p>\n\n\n\n<p class=\"has-text-align-center has-small-font-size\">Susana Ch\u00e1vez \u00b7 <em>Corps d\u00e9serts<\/em> \u00b7<\/p>\n\n\n\n<p class=\"has-text-align-center has-small-font-size\"><strong>\u00b7 ALLONS PLUS BAS \u00b7<\/strong><\/p>\n\n\n\n<p class=\"has-text-align-center has-small-font-size\">Prune Mateo \u00b7 <em>Les jours obscurs<\/em> \u00b7<\/p>\n\n\n\n<p class=\"has-text-align-center has-small-font-size\">St\u00e9phanie Ferrat \u00b7 <em>Je ne dirai plus rien que ton ombre <\/em>\u00b7<\/p>\n\n\n\n<p class=\"has-text-align-center has-small-font-size\">Esther Tellermann \u00b7 <em>Allons plus bas <\/em>\u00b7<\/p>\n\n\n\n<p class=\"has-text-align-center has-small-font-size\">Guy Viarre \u00b7 <em>Toute la nuit en micropointe<\/em> \u00b7<\/p>\n\n\n\n<p class=\"has-text-align-center has-small-font-size\">C\u00e9dric Demangeot \u00b7 <em>El\u00e9ments de sabotage passif <\/em>\u00b7<\/p>\n\n\n\n<p class=\"has-text-align-center has-small-font-size\">Bernard No\u00ebl \u00b7 <em>Tombeau de Lunven <\/em>\u00b7<\/p>\n\n\n\n<p class=\"has-text-align-center has-small-font-size\">Jean-Claude Schneider \u00b7 <em>Pour pluie de pollen <\/em>\u00b7<\/p>\n\n\n\n<p class=\"has-text-align-center has-small-font-size\"><strong>\u00b7 PO\u00c8MES PAS D\u2019AMOUR \u00b7<\/strong><\/p>\n\n\n\n<p class=\"has-text-align-center has-small-font-size\">Rodrigue Marques de Souza \u00b7 <em>Le savoir dans l\u2019oubli <\/em>\u00b7<\/p>\n\n\n\n<p class=\"has-text-align-center has-small-font-size\">Elke de Rijcke \u00b7 <em>Juin sur avril <\/em>\u00b7<\/p>\n\n\n\n<p class=\"has-text-align-center has-small-font-size\">Leopoldo Mar\u00eda Panero \u00b7 <em>Peter punk <\/em>\u00b7<\/p>\n\n\n\n<p class=\"has-text-align-center has-small-font-size\">Alexandre Gouttard \u00b7 <em>(Ne se pourrait-il pas qu\u2019il y e\u00fbt\u2026<\/em> \u00b7<\/p>\n\n\n\n<p class=\"has-text-align-center has-small-font-size\">Julien Ladegaillerie \u00b7 <em>Pliures <\/em>\u00b7<\/p>\n\n\n\n<p class=\"has-text-align-center has-small-font-size\">Billy Dranty \u00b7 <em>Ruptoire (I &amp; II)<\/em><\/p>\n\n\n\n<p class=\"has-text-align-center has-small-font-size\">David Huguet \u00b7 <em>La rose insuffisante <\/em>\u00b7<\/p>\n\n\n\n<p class=\"has-text-align-center has-small-font-size\"><strong>\u00b7 NOTICES \u00b7 PARCELLES \u00b7 LIVRES \u00b7 MUSIQUES \u00b7 FILMS \u00b7<\/strong><\/p>\n<\/div>\n<\/div>\n<\/div>\n<\/div>\n\n\n\n<div style=\"height:37px\" aria-hidden=\"true\" class=\"wp-block-spacer\"><\/div>\n\n\n\n<div data-block-name=\"woocommerce\/single-product\" data-product-id=\"169\" data-wp-context=\"{&quot;productId&quot;:169,&quot;variationId&quot;:null}\" data-wp-interactive=\"woocommerce\/single-product\" class=\"wp-block-woocommerce-single-product woocommerce\">\n<div class=\"wp-block-columns is-layout-flex wp-container-core-columns-is-layout-28f84493 wp-block-columns-is-layout-flex\">\n<div class=\"wp-block-column is-layout-flow wp-block-column-is-layout-flow\"><h2 class=\"has-text-align-center wp-block-post-title\"><a href=\"https:\/\/fragmes.fr\/?product=consequence-n1\" target=\"_self\" >Cons\u00e9quence n\u00b01<\/a><\/h2>\n\n\n<p class=\"has-text-align-center\">2015, 20,00 \u20ac<\/p>\n\n\n\n<figure class=\"wp-block-image aligncenter size-full\"><a href=\"https:\/\/fragmes.fr\/?product=consequence-n1\"><img loading=\"lazy\" decoding=\"async\" width=\"526\" height=\"701\" src=\"https:\/\/fragmes.fr\/wp-content\/uploads\/2024\/05\/consequence1.jpg\" alt=\"\" class=\"wp-image-171\" srcset=\"https:\/\/fragmes.fr\/wp-content\/uploads\/2024\/05\/consequence1.jpg 526w, https:\/\/fragmes.fr\/wp-content\/uploads\/2024\/05\/consequence1-225x300.jpg 225w, https:\/\/fragmes.fr\/wp-content\/uploads\/2024\/05\/consequence1-300x400.jpg 300w\" sizes=\"auto, (max-width: 526px) 100vw, 526px\" \/><\/a><\/figure>\n\n\n\n<div class=\"wp-block-group is-layout-constrained wp-block-group-is-layout-constrained\">\n<div class=\"wp-block-group is-layout-constrained wp-container-core-group-is-layout-19e250f3 wp-block-group-is-layout-constrained\">\n<p class=\"has-text-align-center has-small-font-size\">Paul Laborde \u00b7 <em>Ouverture<\/em> \u00b7<\/p>\n\n\n\n<p class=\"has-text-align-center has-small-font-size\">Jean-Luc Nancy \u00b7 <em>M\u00e9thode et vertige<\/em> \u00b7<\/p>\n\n\n\n<p class=\"has-text-align-center has-small-font-size\">Alain Badiou \u00b7 <em>On ne passe pas<\/em> \u00b7<\/p>\n\n\n\n<p class=\"has-text-align-center has-small-font-size\">Jacques Ranci\u00e8re \u00b7 <em>La paraphrase<\/em> \u00b7<\/p>\n\n\n\n<p class=\"has-text-align-center has-small-font-size\">Renaud Barbaras \u00b7 <em>L\u2019\u00e9criture de la s\u00e9paration<\/em> \u00b7<\/p>\n\n\n\n<p class=\"has-text-align-center has-small-font-size\">Peter Simons \u00b7 <em>Philosophical method without the linguistic turn<\/em> \u00b7<\/p>\n\n\n\n<p class=\"has-text-align-center has-small-font-size\">Jean-Clet Martin \u00b7 <em>Aventure d\u2019id\u00e9es<\/em> \u00b7<\/p>\n\n\n\n<p class=\"has-text-align-center has-small-font-size\">Fran\u00e7ois Zourabichvili&nbsp; \u00b7 <em>&#8230; La volont\u00e9 de puissance comme principe plastique<\/em> \u00b7<\/p>\n\n\n\n<p class=\"has-text-align-center has-small-font-size\">\u00b7 <strong>ENTRETIENS <\/strong>\u00b7<\/p>\n\n\n\n<p class=\"has-text-align-center has-small-font-size\">Simon Critchley<br>Alvin Lucier<br>Steven R. Smith<br>Kevin Drumm &amp; Aaron Dilloway<\/p>\n<\/div>\n<\/div>\n\n\n\n<div data-block-name=\"woocommerce\/product-meta\" class=\"wp-block-woocommerce-product-meta\">\n<div class=\"wp-block-group is-nowrap is-layout-flex wp-container-core-group-is-layout-6c531013 wp-block-group-is-layout-flex\"><\/div>\n<\/div>\n<\/div>\n<\/div>\n<\/div>\n\n\n\n<div data-block-name=\"woocommerce\/single-product\" data-product-id=\"29\" data-wp-context=\"{&quot;productId&quot;:29,&quot;variationId&quot;:null}\" data-wp-interactive=\"woocommerce\/single-product\" class=\"wp-block-woocommerce-single-product woocommerce\">\n<div class=\"wp-block-columns is-layout-flex wp-container-core-columns-is-layout-28f84493 wp-block-columns-is-layout-flex\">\n<div class=\"wp-block-column is-layout-flow wp-block-column-is-layout-flow\"><\/div>\n<\/div>\n<\/div>\n","protected":false},"excerpt":{"rendered":"<p>Tous les num\u00e9ros disponibles<\/p>\n","protected":false},"author":1,"featured_media":30,"parent":0,"menu_order":0,"comment_status":"closed","ping_status":"closed","template":"","meta":{"footnotes":""},"class_list":["post-83","page","type-page","status-publish","has-post-thumbnail","hentry"],"blocksy_meta":{"page_structure_type":"default","disable_featured_image":"no","styles_descriptor":{"styles":{"desktop":"","tablet":"","mobile":""},"google_fonts":[],"version":6}},"_links":{"self":[{"href":"https:\/\/fragmes.fr\/index.php?rest_route=\/wp\/v2\/pages\/83","targetHints":{"allow":["GET"]}}],"collection":[{"href":"https:\/\/fragmes.fr\/index.php?rest_route=\/wp\/v2\/pages"}],"about":[{"href":"https:\/\/fragmes.fr\/index.php?rest_route=\/wp\/v2\/types\/page"}],"author":[{"embeddable":true,"href":"https:\/\/fragmes.fr\/index.php?rest_route=\/wp\/v2\/users\/1"}],"replies":[{"embeddable":true,"href":"https:\/\/fragmes.fr\/index.php?rest_route=%2Fwp%2Fv2%2Fcomments&post=83"}],"version-history":[{"count":74,"href":"https:\/\/fragmes.fr\/index.php?rest_route=\/wp\/v2\/pages\/83\/revisions"}],"predecessor-version":[{"id":408,"href":"https:\/\/fragmes.fr\/index.php?rest_route=\/wp\/v2\/pages\/83\/revisions\/408"}],"wp:featuredmedia":[{"embeddable":true,"href":"https:\/\/fragmes.fr\/index.php?rest_route=\/wp\/v2\/media\/30"}],"wp:attachment":[{"href":"https:\/\/fragmes.fr\/index.php?rest_route=%2Fwp%2Fv2%2Fmedia&parent=83"}],"curies":[{"name":"wp","href":"https:\/\/api.w.org\/{rel}","templated":true}]}}